{"id":16592,"date":"2020-01-24T10:32:43","date_gmt":"2020-01-24T10:32:43","guid":{"rendered":"https:\/\/chlasmajadas.com\/?page_id=16592"},"modified":"2025-01-01T16:57:27","modified_gmt":"2025-01-01T16:57:27","slug":"bienvenidos","status":"publish","type":"page","link":"https:\/\/chlasmajadas.com\/","title":{"rendered":"Bienvenidos!"},"content":{"rendered":"\n<p><br>Somos un Centro que lleva m\u00e1s de 20 a\u00f1os trabajando y progresando para ofrecer a nuestros clientes el mejor servicio. Una Escuela de Equitaci\u00f3n con una dilatada experiencia en la ense\u00f1anza desde la iniciaci\u00f3n a el salto y doma cl\u00e1sica.<\/p>\n\n\n\n<p>Las Majadas ofrece clases, cursos, campamentos y rutas. Todas las actividades son personalizadas, profesionales, seguras y de calidad.  <\/p>\n\n\n\n<p>El centro solo esta abierto a alumnos y propietarios. Por favor pedir cita previa 676249123.<\/p>\n\n\n<div class=\"wp-block-image is-resized\">\n<figure class=\"aligncenter size-large\"><img loading=\"lazy\" decoding=\"async\" width=\"435\" height=\"314\" src=\"https:\/\/chlasmajadas.com\/wp-content\/uploads\/2020\/01\/Keira-and-Hannah-Riding-1-6.jpg\" alt=\"\" class=\"wp-image-16593\" srcset=\"https:\/\/chlasmajadas.com\/wp-content\/uploads\/2020\/01\/Keira-and-Hannah-Riding-1-6.jpg 435w, https:\/\/chlasmajadas.com\/wp-content\/uploads\/2020\/01\/Keira-and-Hannah-Riding-1-6-300x217.jpg 300w\" sizes=\"(max-width: 435px) 100vw, 435px\" \/><\/figure><\/div>\n\n\n<p>Nuestras instalaciones son grandes y bien cuidadas, en un precioso entorno. Nuestros caballos est\u00e1n bien domados y bien cuidados. <\/p>\n\n\n\n<figure class=\"wp-block-gallery aligncenter has-nested-images columns-2 is-cropped wp-block-gallery-1 is-layout-flex wp-block-gallery-is-layout-flex\">\n<figure class=\"wp-block-image size-large\"><img loading=\"lazy\" decoding=\"async\" width=\"480\" height=\"333\" data-id=\"16533\" src=\"https:\/\/chlasmajadas.com\/wp-content\/uploads\/2020\/01\/concurso.jpg\" alt=\"\" class=\"wp-image-16533\" srcset=\"https:\/\/chlasmajadas.com\/wp-content\/uploads\/2020\/01\/concurso.jpg 480w, https:\/\/chlasmajadas.com\/wp-content\/uploads\/2020\/01\/concurso-300x208.jpg 300w\" sizes=\"(max-width: 480px) 100vw, 480px\" \/><\/figure>\n\n\n\n<figure class=\"wp-block-image size-large\"><img loading=\"lazy\" decoding=\"async\" width=\"250\" height=\"250\" data-id=\"16466\" src=\"https:\/\/chlasmajadas.com\/wp-content\/uploads\/2020\/01\/tienda7.jpg\" alt=\"\" class=\"wp-image-16466\" srcset=\"https:\/\/chlasmajadas.com\/wp-content\/uploads\/2020\/01\/tienda7.jpg 250w, https:\/\/chlasmajadas.com\/wp-content\/uploads\/2020\/01\/tienda7-150x150.jpg 150w, https:\/\/chlasmajadas.com\/wp-content\/uploads\/2020\/01\/tienda7-230x230.jpg 230w\" sizes=\"(max-width: 250px) 100vw, 250px\" \/><\/figure>\n\n\n\n<figure class=\"wp-block-image size-large\"><img loading=\"lazy\" decoding=\"async\" width=\"1024\" height=\"576\" data-id=\"16460\" src=\"https:\/\/chlasmajadas.com\/wp-content\/uploads\/2020\/01\/sl3-100.jpg\" alt=\"\" class=\"wp-image-16460\" srcset=\"https:\/\/chlasmajadas.com\/wp-content\/uploads\/2020\/01\/sl3-100.jpg 1024w, https:\/\/chlasmajadas.com\/wp-content\/uploads\/2020\/01\/sl3-100-300x169.jpg 300w, https:\/\/chlasmajadas.com\/wp-content\/uploads\/2020\/01\/sl3-100-768x432.jpg 768w, https:\/\/chlasmajadas.com\/wp-content\/uploads\/2020\/01\/sl3-100-830x467.jpg 830w, https:\/\/chlasmajadas.com\/wp-content\/uploads\/2020\/01\/sl3-100-230x129.jpg 230w, https:\/\/chlasmajadas.com\/wp-content\/uploads\/2020\/01\/sl3-100-350x197.jpg 350w, https:\/\/chlasmajadas.com\/wp-content\/uploads\/2020\/01\/sl3-100-480x270.jpg 480w\" sizes=\"(max-width: 706px) 89vw, (max-width: 767px) 82vw, 740px\" \/><\/figure>\n\n\n\n<figure class=\"wp-block-image size-large\"><img loading=\"lazy\" decoding=\"async\" width=\"1024\" height=\"576\" data-id=\"16457\" src=\"https:\/\/chlasmajadas.com\/wp-content\/uploads\/2020\/01\/sl1-100.jpg\" alt=\"\" class=\"wp-image-16457\" srcset=\"https:\/\/chlasmajadas.com\/wp-content\/uploads\/2020\/01\/sl1-100.jpg 1024w, https:\/\/chlasmajadas.com\/wp-content\/uploads\/2020\/01\/sl1-100-300x169.jpg 300w, https:\/\/chlasmajadas.com\/wp-content\/uploads\/2020\/01\/sl1-100-768x432.jpg 768w, https:\/\/chlasmajadas.com\/wp-content\/uploads\/2020\/01\/sl1-100-830x467.jpg 830w, https:\/\/chlasmajadas.com\/wp-content\/uploads\/2020\/01\/sl1-100-230x129.jpg 230w, https:\/\/chlasmajadas.com\/wp-content\/uploads\/2020\/01\/sl1-100-350x197.jpg 350w, https:\/\/chlasmajadas.com\/wp-content\/uploads\/2020\/01\/sl1-100-480x270.jpg 480w\" sizes=\"(max-width: 706px) 89vw, (max-width: 767px) 82vw, 740px\" \/><\/figure>\n\n\n\n<figure class=\"wp-block-image size-large\"><img loading=\"lazy\" decoding=\"async\" width=\"1024\" height=\"640\" data-id=\"16416\" src=\"https:\/\/chlasmajadas.com\/wp-content\/uploads\/2020\/01\/c3a-1024x640.jpg\" alt=\"\" class=\"wp-image-16416\" srcset=\"https:\/\/chlasmajadas.com\/wp-content\/uploads\/2020\/01\/c3a-1024x640.jpg 1024w, https:\/\/chlasmajadas.com\/wp-content\/uploads\/2020\/01\/c3a-300x188.jpg 300w, https:\/\/chlasmajadas.com\/wp-content\/uploads\/2020\/01\/c3a-768x480.jpg 768w, https:\/\/chlasmajadas.com\/wp-content\/uploads\/2020\/01\/c3a-1536x960.jpg 1536w, https:\/\/chlasmajadas.com\/wp-content\/uploads\/2020\/01\/c3a-830x519.jpg 830w, https:\/\/chlasmajadas.com\/wp-content\/uploads\/2020\/01\/c3a-230x144.jpg 230w, https:\/\/chlasmajadas.com\/wp-content\/uploads\/2020\/01\/c3a-350x219.jpg 350w, https:\/\/chlasmajadas.com\/wp-content\/uploads\/2020\/01\/c3a-480x300.jpg 480w, https:\/\/chlasmajadas.com\/wp-content\/uploads\/2020\/01\/c3a.jpg 1920w\" sizes=\"(max-width: 706px) 89vw, (max-width: 767px) 82vw, 740px\" \/><\/figure>\n\n\n\n<figure class=\"wp-block-image size-large\"><img loading=\"lazy\" decoding=\"async\" width=\"598\" height=\"547\" data-id=\"16418\" src=\"https:\/\/chlasmajadas.com\/wp-content\/uploads\/2020\/01\/ca.jpg\" alt=\"\" class=\"wp-image-16418\" srcset=\"https:\/\/chlasmajadas.com\/wp-content\/uploads\/2020\/01\/ca.jpg 598w, https:\/\/chlasmajadas.com\/wp-content\/uploads\/2020\/01\/ca-300x274.jpg 300w, https:\/\/chlasmajadas.com\/wp-content\/uploads\/2020\/01\/ca-230x210.jpg 230w, https:\/\/chlasmajadas.com\/wp-content\/uploads\/2020\/01\/ca-350x320.jpg 350w, https:\/\/chlasmajadas.com\/wp-content\/uploads\/2020\/01\/ca-480x439.jpg 480w\" sizes=\"(max-width: 598px) 100vw, 598px\" \/><\/figure>\n<\/figure>\n\n\n\n<p><\/p>\n","protected":false},"excerpt":{"rendered":"<p>Somos un Centro que lleva m\u00e1s de 20 a\u00f1os trabajando y progresando para ofrecer a nuestros clientes el mejor servicio. Una Escuela de Equitaci\u00f3n con una dilatada experiencia en la ense\u00f1anza desde la iniciaci\u00f3n a el salto y doma cl\u00e1sica. Las Majadas ofrece clases, cursos, campamentos y rutas. Todas las actividades son personalizadas, profesionales, seguras &hellip; <\/p>\n<p class=\"link-more\"><a href=\"https:\/\/chlasmajadas.com\/\" class=\"more-link\">Continuar leyendo<span class=\"screen-reader-text\"> \u00abBienvenidos!\u00bb<\/span><\/a><\/p>\n","protected":false},"author":1,"featured_media":0,"parent":0,"menu_order":0,"comment_status":"closed","ping_status":"closed","template":"","meta":{"footnotes":""},"_links":{"self":[{"href":"https:\/\/chlasmajadas.com\/index.php\/wp-json\/wp\/v2\/pages\/16592"}],"collection":[{"href":"https:\/\/chlasmajadas.com\/index.php\/wp-json\/wp\/v2\/pages"}],"about":[{"href":"https:\/\/chlasmajadas.com\/index.php\/wp-json\/wp\/v2\/types\/page"}],"author":[{"embeddable":true,"href":"https:\/\/chlasmajadas.com\/index.php\/wp-json\/wp\/v2\/users\/1"}],"replies":[{"embeddable":true,"href":"https:\/\/chlasmajadas.com\/index.php\/wp-json\/wp\/v2\/comments?post=16592"}],"version-history":[{"count":9,"href":"https:\/\/chlasmajadas.com\/index.php\/wp-json\/wp\/v2\/pages\/16592\/revisions"}],"predecessor-version":[{"id":16857,"href":"https:\/\/chlasmajadas.com\/index.php\/wp-json\/wp\/v2\/pages\/16592\/revisions\/16857"}],"wp:attachment":[{"href":"https:\/\/chlasmajadas.com\/index.php\/wp-json\/wp\/v2\/media?parent=16592"}],"curies":[{"name":"wp","href":"https:\/\/api.w.org\/{rel}","templated":true}]}}