{"id":16357,"date":"2020-01-17T11:37:31","date_gmt":"2020-01-17T11:37:31","guid":{"rendered":"https:\/\/chlasmajadas.com\/?page_id=16357"},"modified":"2025-01-01T17:03:43","modified_gmt":"2025-01-01T17:03:43","slug":"clases-de-equitacion","status":"publish","type":"page","link":"https:\/\/chlasmajadas.com\/index.php\/clases-de-equitacion\/","title":{"rendered":"Clases de Equitaci\u00f3n"},"content":{"rendered":"\n<div class=\"wp-block-media-text alignwide has-media-on-the-right is-stacked-on-mobile\"><div class=\"wp-block-media-text__content\">\n<p>Enfocadas a mayores de 5 a\u00f1os, las clases de equitaci\u00f3n las dividimos en tres niveles, en los que se agrupan los alumnos por conocimientos, buscando sacar el m\u00e1ximo de cada clase.<\/p>\n\n\n\n<p>Cuando los alumnos ya tienen suficiente seguridad montando a caballo, pueden participar en las clases o cursos de salto avanzado.<\/p>\n\n\n\n<p>Consistentes en sesiones espec\u00edficas de salto de obst\u00e1culos, y sacamos todo el potencial tanto del jinete como del caballo y preparamos su participaci\u00f3n en concursos fuera de Las Majadas.<\/p>\n\n\n\n<p>Por motivos obvios de seguridad, comprensi\u00f3n de conceptos y un acercamiento diferente, para los alumnos menores de 9 a\u00f1os el aprendizaje se realiza <a href=\"http:\/\/chlasmajadas.com\/pony-club\/\"><strong>a trav\u00e9s del Pony Club<\/strong><\/a>.<\/p>\n\n\n\n<p><\/p>\n<\/div><figure class=\"wp-block-media-text__media\"><img decoding=\"async\" src=\"https:\/\/chlasmajadas.com\/wp-content\/uploads\/2020\/01\/Ana-glen1.jpg\" alt=\"\" class=\"wp-image-16355 size-full\"\/><\/figure><\/div>\n\n\n\n<div class=\"wp-block-media-text alignwide has-media-on-the-right is-stacked-on-mobile\"><div class=\"wp-block-media-text__content\">\n<h3 class=\"wp-block-heading\">Clases de Iniciaci\u00f3n<\/h3>\n\n\n\n<p>Cuotas<\/p>\n\n\n\n<p>Clases individuales por 32\u20ac<\/p>\n\n\n\n<p>1 clase a la semana el mes sale a 80\u20ac<\/p>\n\n\n\n<p>A partir de dos clases a la semana consultar precios<\/p>\n<\/div><figure class=\"wp-block-media-text__media\"><img decoding=\"async\" src=\"https:\/\/chlasmajadas.com\/wp-content\/uploads\/2020\/01\/ridingmarina.jpg\" alt=\"\" class=\"wp-image-16358 size-full\"\/><\/figure><\/div>\n","protected":false},"excerpt":{"rendered":"<p>Enfocadas a mayores de 5 a\u00f1os, las clases de equitaci\u00f3n las dividimos en tres niveles, en los que se agrupan los alumnos por conocimientos, buscando sacar el m\u00e1ximo de cada clase. Cuando los alumnos ya tienen suficiente seguridad montando a caballo, pueden participar en las clases o cursos de salto avanzado. Consistentes en sesiones espec\u00edficas &hellip; <\/p>\n<p class=\"link-more\"><a href=\"https:\/\/chlasmajadas.com\/index.php\/clases-de-equitacion\/\" class=\"more-link\">Continuar leyendo<span class=\"screen-reader-text\"> \u00abClases de Equitaci\u00f3n\u00bb<\/span><\/a><\/p>\n","protected":false},"author":1,"featured_media":0,"parent":0,"menu_order":0,"comment_status":"closed","ping_status":"closed","template":"","meta":{"footnotes":""},"_links":{"self":[{"href":"https:\/\/chlasmajadas.com\/index.php\/wp-json\/wp\/v2\/pages\/16357"}],"collection":[{"href":"https:\/\/chlasmajadas.com\/index.php\/wp-json\/wp\/v2\/pages"}],"about":[{"href":"https:\/\/chlasmajadas.com\/index.php\/wp-json\/wp\/v2\/types\/page"}],"author":[{"embeddable":true,"href":"https:\/\/chlasmajadas.com\/index.php\/wp-json\/wp\/v2\/users\/1"}],"replies":[{"embeddable":true,"href":"https:\/\/chlasmajadas.com\/index.php\/wp-json\/wp\/v2\/comments?post=16357"}],"version-history":[{"count":3,"href":"https:\/\/chlasmajadas.com\/index.php\/wp-json\/wp\/v2\/pages\/16357\/revisions"}],"predecessor-version":[{"id":16861,"href":"https:\/\/chlasmajadas.com\/index.php\/wp-json\/wp\/v2\/pages\/16357\/revisions\/16861"}],"wp:attachment":[{"href":"https:\/\/chlasmajadas.com\/index.php\/wp-json\/wp\/v2\/media?parent=16357"}],"curies":[{"name":"wp","href":"https:\/\/api.w.org\/{rel}","templated":true}]}}