{"id":16323,"date":"2020-01-17T09:34:18","date_gmt":"2020-01-17T09:34:18","guid":{"rendered":"https:\/\/chlasmajadas.com\/?page_id=16323"},"modified":"2023-09-02T08:17:37","modified_gmt":"2023-09-02T08:17:37","slug":"campamento-navidad","status":"publish","type":"page","link":"https:\/\/chlasmajadas.com\/index.php\/campamento-navidad\/","title":{"rendered":"Campamentos Navidad 2023"},"content":{"rendered":"\n<figure class=\"wp-block-image size-large\"><img loading=\"lazy\" decoding=\"async\" width=\"1024\" height=\"640\" src=\"http:\/\/chlasmajadas.com\/wp-content\/uploads\/2020\/01\/caballoinvierno-1024x640.jpg\" alt=\"\" class=\"wp-image-16420\" srcset=\"https:\/\/chlasmajadas.com\/wp-content\/uploads\/2020\/01\/caballoinvierno-1024x640.jpg 1024w, https:\/\/chlasmajadas.com\/wp-content\/uploads\/2020\/01\/caballoinvierno-300x188.jpg 300w, https:\/\/chlasmajadas.com\/wp-content\/uploads\/2020\/01\/caballoinvierno-768x480.jpg 768w, https:\/\/chlasmajadas.com\/wp-content\/uploads\/2020\/01\/caballoinvierno-1536x960.jpg 1536w, https:\/\/chlasmajadas.com\/wp-content\/uploads\/2020\/01\/caballoinvierno-830x519.jpg 830w, https:\/\/chlasmajadas.com\/wp-content\/uploads\/2020\/01\/caballoinvierno-230x144.jpg 230w, https:\/\/chlasmajadas.com\/wp-content\/uploads\/2020\/01\/caballoinvierno-350x219.jpg 350w, https:\/\/chlasmajadas.com\/wp-content\/uploads\/2020\/01\/caballoinvierno-480x300.jpg 480w, https:\/\/chlasmajadas.com\/wp-content\/uploads\/2020\/01\/caballoinvierno.jpg 1680w\" sizes=\"(max-width: 706px) 89vw, (max-width: 767px) 82vw, 740px\" \/><\/figure>\n\n\n\n<p>\u00a1El mejor regalo de Navidad! <\/p>\n\n\n\n<p>Nuestro campamento de tres dias, donde aprender\u00e1s a montar o mejorar\u00e1s tu nivel. En el mismo formato que durante la Semana Santa, pero con temas navide\u00f1os y fuegos de le\u00f1a. Garantizamos la diversi\u00f3n y el ambiente navide\u00f1o.<\/p>\n\n\n\n<p><\/p>\n\n\n\n<p>Campamento Navidad 1 <\/p>\n\n\n\n<p>27,28,29 diciembre 10-14h 99\u20ac<\/p>\n\n\n\n<p>Campamento 2<\/p>\n\n\n\n<p>2,3,4 enero   10-14h   99\u20ac<\/p>\n\n\n\n<p>Reservar 629423366<\/p>\n","protected":false},"excerpt":{"rendered":"<p>\u00a1El mejor regalo de Navidad! Nuestro campamento de tres dias, donde aprender\u00e1s a montar o mejorar\u00e1s tu nivel. En el mismo formato que durante la Semana Santa, pero con temas navide\u00f1os y fuegos de le\u00f1a. Garantizamos la diversi\u00f3n y el ambiente navide\u00f1o. Campamento Navidad 1 27,28,29 diciembre 10-14h 99\u20ac Campamento 2 2,3,4 enero 10-14h 99\u20ac &hellip; <\/p>\n<p class=\"link-more\"><a href=\"https:\/\/chlasmajadas.com\/index.php\/campamento-navidad\/\" class=\"more-link\">Continuar leyendo<span class=\"screen-reader-text\"> \u00abCampamentos Navidad 2023\u00bb<\/span><\/a><\/p>\n","protected":false},"author":1,"featured_media":0,"parent":0,"menu_order":0,"comment_status":"closed","ping_status":"closed","template":"","meta":{"footnotes":""},"_links":{"self":[{"href":"https:\/\/chlasmajadas.com\/index.php\/wp-json\/wp\/v2\/pages\/16323"}],"collection":[{"href":"https:\/\/chlasmajadas.com\/index.php\/wp-json\/wp\/v2\/pages"}],"about":[{"href":"https:\/\/chlasmajadas.com\/index.php\/wp-json\/wp\/v2\/types\/page"}],"author":[{"embeddable":true,"href":"https:\/\/chlasmajadas.com\/index.php\/wp-json\/wp\/v2\/users\/1"}],"replies":[{"embeddable":true,"href":"https:\/\/chlasmajadas.com\/index.php\/wp-json\/wp\/v2\/comments?post=16323"}],"version-history":[{"count":3,"href":"https:\/\/chlasmajadas.com\/index.php\/wp-json\/wp\/v2\/pages\/16323\/revisions"}],"predecessor-version":[{"id":16842,"href":"https:\/\/chlasmajadas.com\/index.php\/wp-json\/wp\/v2\/pages\/16323\/revisions\/16842"}],"wp:attachment":[{"href":"https:\/\/chlasmajadas.com\/index.php\/wp-json\/wp\/v2\/media?parent=16323"}],"curies":[{"name":"wp","href":"https:\/\/api.w.org\/{rel}","templated":true}]}}