{"id":16321,"date":"2020-01-17T09:33:45","date_gmt":"2020-01-17T09:33:45","guid":{"rendered":"https:\/\/chlasmajadas.com\/?page_id=16321"},"modified":"2023-09-02T08:24:23","modified_gmt":"2023-09-02T08:24:23","slug":"campamento-semana-santa","status":"publish","type":"page","link":"https:\/\/chlasmajadas.com\/index.php\/campamento-semana-santa\/","title":{"rendered":"Campamento Semana Santa 2023"},"content":{"rendered":"\n<p>\u00a1 No te aburras esta Semana Santa !  Un oportunidad de aprender o mejorar tu equitaci\u00f3n. <\/p>\n\n\n\n<p><\/p>\n\n\n\n<p>Con dos clases de equitaci\u00f3n cada ma\u00f1ana, estamos seguros de que notar\u00e1s los cambios. Juntamos a los alumnos en grupos por nivel de equitaci\u00f3n para que puedan avanzar y aprender a\u00fan m\u00e1s rapido. <\/p>\n\n\n\n<p>Es importante que los alumnos sepan manejar, preparar y cuidar los caballos pie de tierra y por eso incorporamos una hora de manejo o teor\u00eda al dia. Adem\u00e1s hay una hora de actividades activas o art\u00edsticas, donde aprender\u00e1n a trabajar, de una forma creativa, en equipo. <\/p>\n\n\n\n<p>Todo muy bien estructurado, con profesores con una larga experiencia.<\/p>\n\n\n\n<p>\u00a1Te esperamos!<\/p>\n\n\n\n<figure class=\"wp-block-image size-large\"><img loading=\"lazy\" decoding=\"async\" width=\"1024\" height=\"576\" src=\"http:\/\/chlasmajadas.com\/wp-content\/uploads\/2020\/01\/sl4-100.jpg\" alt=\"\" class=\"wp-image-16461\" srcset=\"https:\/\/chlasmajadas.com\/wp-content\/uploads\/2020\/01\/sl4-100.jpg 1024w, https:\/\/chlasmajadas.com\/wp-content\/uploads\/2020\/01\/sl4-100-300x169.jpg 300w, https:\/\/chlasmajadas.com\/wp-content\/uploads\/2020\/01\/sl4-100-768x432.jpg 768w, https:\/\/chlasmajadas.com\/wp-content\/uploads\/2020\/01\/sl4-100-830x467.jpg 830w, https:\/\/chlasmajadas.com\/wp-content\/uploads\/2020\/01\/sl4-100-230x129.jpg 230w, https:\/\/chlasmajadas.com\/wp-content\/uploads\/2020\/01\/sl4-100-350x197.jpg 350w, https:\/\/chlasmajadas.com\/wp-content\/uploads\/2020\/01\/sl4-100-480x270.jpg 480w\" sizes=\"(max-width: 706px) 89vw, (max-width: 767px) 82vw, 740px\" \/><\/figure>\n\n\n<h3 class=\"rich-text editor-rich-text__editable block-editor-rich-text__editable is-selected\" role=\"textbox\" aria-multiline=\"true\" aria-label=\"Escribe el encabezado\u2026\" contenteditable=\"true\"><span style=\"color: #ff0000;\">Campamento con Equitacion o Pony club<\/span><\/h3>\n<p><!--StartFragment--><\/p>\n\n\n<p>Equitacion : a partir de 10 a\u00f1os \/ Los alumnos estan agrupados por nivel de equitaci\u00f3n<\/p>\n\n\n\n<p>Pony\nClub : a partir de 6 a\u00f1os  \n<\/p>\n\n\n\n<p> 2\nhoras de equitaci\u00f3n \/ Pony club \n<\/p>\n\n\n\n<p> 1\nhora de actividad con caballos \/ ponys \n<\/p>\n\n\n\n<p> 1 hora de actividades <\/p>\n\n\n\n<p>  <\/p>\n\n\n\n<p>Horario\n: 9 a 14h \n<\/p>\n\n\n\n<p>Precio 3 dias  : 115\u20ac almuerzo incluido   <\/p>\n\n\n\n<p><\/p>\n\n\n\n<p><\/p>\n","protected":false},"excerpt":{"rendered":"<p>\u00a1 No te aburras esta Semana Santa ! Un oportunidad de aprender o mejorar tu equitaci\u00f3n. Con dos clases de equitaci\u00f3n cada ma\u00f1ana, estamos seguros de que notar\u00e1s los cambios. Juntamos a los alumnos en grupos por nivel de equitaci\u00f3n para que puedan avanzar y aprender a\u00fan m\u00e1s rapido. Es importante que los alumnos sepan &hellip; <\/p>\n<p class=\"link-more\"><a href=\"https:\/\/chlasmajadas.com\/index.php\/campamento-semana-santa\/\" class=\"more-link\">Continuar leyendo<span class=\"screen-reader-text\"> \u00abCampamento Semana Santa 2023\u00bb<\/span><\/a><\/p>\n","protected":false},"author":1,"featured_media":0,"parent":0,"menu_order":0,"comment_status":"closed","ping_status":"closed","template":"","meta":{"footnotes":""},"_links":{"self":[{"href":"https:\/\/chlasmajadas.com\/index.php\/wp-json\/wp\/v2\/pages\/16321"}],"collection":[{"href":"https:\/\/chlasmajadas.com\/index.php\/wp-json\/wp\/v2\/pages"}],"about":[{"href":"https:\/\/chlasmajadas.com\/index.php\/wp-json\/wp\/v2\/types\/page"}],"author":[{"embeddable":true,"href":"https:\/\/chlasmajadas.com\/index.php\/wp-json\/wp\/v2\/users\/1"}],"replies":[{"embeddable":true,"href":"https:\/\/chlasmajadas.com\/index.php\/wp-json\/wp\/v2\/comments?post=16321"}],"version-history":[{"count":9,"href":"https:\/\/chlasmajadas.com\/index.php\/wp-json\/wp\/v2\/pages\/16321\/revisions"}],"predecessor-version":[{"id":16843,"href":"https:\/\/chlasmajadas.com\/index.php\/wp-json\/wp\/v2\/pages\/16321\/revisions\/16843"}],"wp:attachment":[{"href":"https:\/\/chlasmajadas.com\/index.php\/wp-json\/wp\/v2\/media?parent=16321"}],"curies":[{"name":"wp","href":"https:\/\/api.w.org\/{rel}","templated":true}]}}