{"id":16313,"date":"2020-01-17T09:07:40","date_gmt":"2020-01-17T09:07:40","guid":{"rendered":"https:\/\/chlasmajadas.com\/?page_id=16313"},"modified":"2021-04-13T07:13:27","modified_gmt":"2021-04-13T07:13:27","slug":"talleres-ecuestres","status":"publish","type":"page","link":"https:\/\/chlasmajadas.com\/index.php\/talleres-ecuestres\/","title":{"rendered":"Talleres Ecuestres"},"content":{"rendered":"\n<p>Este taller es para ti: <\/p>\n\n\n\n<p>Si siempre has querido montar o conocer estos bellos animales y su mundo, si has hecho rutas o montaste hace tiempo y tienes curiodidad por descubrir en m\u00e1s profondidad  la naturaleza de los caballos, te esperamos&#8230;  <\/p>\n\n\n\n<p>Adem\u00e1s de dos horas montando, descubrir\u00e1s como acercarte a ellos, cuidarlos, a preparar y manejar los caballos  a pie de tierra. Disfruta el mundo del caballo acompa\u00f1ada de profesores cualificados en un centro profesional y precioso, con vistas espectaculares a la Sierra de Cantabria. <\/p>\n\n\n\n<p>Y para reponer fuerzas, te ofreceremos una deliciosa comida,  para completar un d\u00eda lleno de nuevas experiencias.  <\/p>\n\n\n\n<figure class=\"wp-block-image size-large is-resized\"><img loading=\"lazy\" decoding=\"async\" src=\"http:\/\/chlasmajadas.com\/wp-content\/uploads\/2020\/01\/curso.jpg\" alt=\"\" class=\"wp-image-16425\" width=\"651\" height=\"769\" srcset=\"https:\/\/chlasmajadas.com\/wp-content\/uploads\/2020\/01\/curso.jpg 508w, https:\/\/chlasmajadas.com\/wp-content\/uploads\/2020\/01\/curso-254x300.jpg 254w, https:\/\/chlasmajadas.com\/wp-content\/uploads\/2020\/01\/curso-230x272.jpg 230w, https:\/\/chlasmajadas.com\/wp-content\/uploads\/2020\/01\/curso-350x413.jpg 350w, https:\/\/chlasmajadas.com\/wp-content\/uploads\/2020\/01\/curso-480x567.jpg 480w\" sizes=\"(max-width: 651px) 100vw, 651px\" \/><\/figure>\n\n\n\n<h3 class=\"has-vivid-red-color has-text-color wp-block-heading\">TALLERES EN VERANO PARA ADULTOS<\/h3>\n\n\n\n<p><strong>Horario: 19h- 21:30h<\/strong><\/p>\n\n\n\n<p><strong>Taller 1:<\/strong> pendiente  <strong>Taller 2<\/strong>: pendiente <\/p>\n\n\n\n<p><strong>Precio: 80\u20ac<\/strong><\/p>\n\n\n<p><!--EndFragment--><\/p>","protected":false},"excerpt":{"rendered":"<p>Este taller es para ti: Si siempre has querido montar o conocer estos bellos animales y su mundo, si has hecho rutas o montaste hace tiempo y tienes curiodidad por descubrir en m\u00e1s profondidad la naturaleza de los caballos, te esperamos&#8230; Adem\u00e1s de dos horas montando, descubrir\u00e1s como acercarte a ellos, cuidarlos, a preparar y &hellip; <\/p>\n<p class=\"link-more\"><a href=\"https:\/\/chlasmajadas.com\/index.php\/talleres-ecuestres\/\" class=\"more-link\">Continuar leyendo<span class=\"screen-reader-text\"> \u00abTalleres Ecuestres\u00bb<\/span><\/a><\/p>\n","protected":false},"author":1,"featured_media":0,"parent":0,"menu_order":0,"comment_status":"closed","ping_status":"closed","template":"","meta":{"footnotes":""},"_links":{"self":[{"href":"https:\/\/chlasmajadas.com\/index.php\/wp-json\/wp\/v2\/pages\/16313"}],"collection":[{"href":"https:\/\/chlasmajadas.com\/index.php\/wp-json\/wp\/v2\/pages"}],"about":[{"href":"https:\/\/chlasmajadas.com\/index.php\/wp-json\/wp\/v2\/types\/page"}],"author":[{"embeddable":true,"href":"https:\/\/chlasmajadas.com\/index.php\/wp-json\/wp\/v2\/users\/1"}],"replies":[{"embeddable":true,"href":"https:\/\/chlasmajadas.com\/index.php\/wp-json\/wp\/v2\/comments?post=16313"}],"version-history":[{"count":5,"href":"https:\/\/chlasmajadas.com\/index.php\/wp-json\/wp\/v2\/pages\/16313\/revisions"}],"predecessor-version":[{"id":16746,"href":"https:\/\/chlasmajadas.com\/index.php\/wp-json\/wp\/v2\/pages\/16313\/revisions\/16746"}],"wp:attachment":[{"href":"https:\/\/chlasmajadas.com\/index.php\/wp-json\/wp\/v2\/media?parent=16313"}],"curies":[{"name":"wp","href":"https:\/\/api.w.org\/{rel}","templated":true}]}}