{"id":15568,"date":"2018-08-08T19:49:23","date_gmt":"2018-08-08T19:49:23","guid":{"rendered":"http:\/\/chlasmajadas.com\/?page_id=15568"},"modified":"2020-01-22T08:29:20","modified_gmt":"2020-01-22T08:29:20","slug":"actividades-escolares","status":"publish","type":"page","link":"https:\/\/chlasmajadas.com\/index.php\/actividades-escolares\/","title":{"rendered":"Actividades Escolares"},"content":{"rendered":"<p align=\"JUSTIFY\">Desde Las Majadas organizamos actividades escolares porque queremos que tantos ni\u00f1@s como sea posible, disfruten <a href=\"http:\/\/chlasmajadas.com\/clases-de-equitacion\/\"><strong>del Centro<\/strong><\/a> y de la Historia.<\/p>\n<p align=\"JUSTIFY\">Para ello creamos el proyecto:<\/p>\n<p align=\"JUSTIFY\"><img loading=\"lazy\" decoding=\"async\" class=\" wp-image-16396 aligncenter\" src=\"http:\/\/chlasmajadas.com\/wp-content\/uploads\/2020\/01\/8-1-296x300.jpg\" alt=\"\" width=\"499\" height=\"506\" srcset=\"https:\/\/chlasmajadas.com\/wp-content\/uploads\/2020\/01\/8-1-296x300.jpg 296w, https:\/\/chlasmajadas.com\/wp-content\/uploads\/2020\/01\/8-1-230x233.jpg 230w, https:\/\/chlasmajadas.com\/wp-content\/uploads\/2020\/01\/8-1-350x355.jpg 350w, https:\/\/chlasmajadas.com\/wp-content\/uploads\/2020\/01\/8-1-480x487.jpg 480w, https:\/\/chlasmajadas.com\/wp-content\/uploads\/2020\/01\/8-1.jpg 600w\" sizes=\"(max-width: 499px) 100vw, 499px\" \/><\/p>\n<h4 align=\"JUSTIFY\">\u00a0\u00a0\u00a0 <strong><span style=\"color: #ff0000;\">\u00abBringing History To Life: Viaje a Trav\u00e9s Del Tiempo\u00bb<\/span><\/strong><\/h4>\n<p align=\"JUSTIFY\">Consiste en una actividad de todo el d\u00eda donde, <a href=\"https:\/\/www.instagram.com\/p\/ByR3wG8iTD1\/\"><strong>los alumnos de un centro escolar<\/strong><\/a>, van recreando diferentes \u00e9pocas de la historia de la humanidad de forma pr\u00e1ctica y divertida.<\/p>\n<p align=\"JUSTIFY\">Sobre esta base,\u00a0 siempre es posible darle un enfoque m\u00e1s espec\u00edfico o cambiar la duraci\u00f3n de la misma, adapt\u00e1ndola a las necesidades de cada grupo escolar.<\/p>\n<p align=\"JUSTIFY\">Tamb\u00eden es posible incluir el ingl\u00e9s como parte de la actividad.<\/p>\n<ul>\n<li><strong>N\u00famero de plazas:<\/strong> 54 alumnos (un autob\u00fas)<\/li>\n<li><b>Duraci\u00f3n de la actividad:<\/b> jornada de ma\u00f1ana de 9:30\/10h a 15:30\/16h<\/li>\n<li><b>Dirigida a alumnos:<\/b> de primero a cuarto de primaria, aunque se puede adaptar a otros cursos.<\/li>\n<li><b>Fechas:<\/b> de lunes a viernes, en los meses de abril, mayo, junio, septiembre y octubre<\/li>\n<\/ul>\n<p align=\"JUSTIFY\"><b>Formato de la actividad:<\/b><b> <\/b>comenzar\u00e1n la jornada todos juntos para posteriormente dividirlos en tres grupos que ir\u00e1n rotando entre monitores y \u00e9pocas de la Historia. Las diferentes etapas de la jornada ser\u00e1n: Las Majadas y sus caballos, tribus de la prehistoria, granjeros romanos y guerreros medievales.<\/p>\n<p align=\"JUSTIFY\"><b>Precios 2019\/20:<\/b><\/p>\n<ul>\n<li>menos de 30 alumnos: 15\u20ac\/alumno IVA incluido<\/li>\n<li>entre 30 y 54 alumnos: 12\u20ac\/alumno IVA incluido<\/li>\n<\/ul>\n\n\n<figure class=\"wp-block-image size-large is-resized\"><img loading=\"lazy\" decoding=\"async\" src=\"http:\/\/chlasmajadas.com\/wp-content\/uploads\/2020\/01\/H2.jpg\" alt=\"\" class=\"wp-image-16430\" width=\"510\" height=\"765\" srcset=\"https:\/\/chlasmajadas.com\/wp-content\/uploads\/2020\/01\/H2.jpg 400w, https:\/\/chlasmajadas.com\/wp-content\/uploads\/2020\/01\/H2-200x300.jpg 200w, https:\/\/chlasmajadas.com\/wp-content\/uploads\/2020\/01\/H2-230x345.jpg 230w, https:\/\/chlasmajadas.com\/wp-content\/uploads\/2020\/01\/H2-350x525.jpg 350w\" sizes=\"(max-width: 510px) 100vw, 510px\" \/><\/figure>\n","protected":false},"excerpt":{"rendered":"<p>Desde Las Majadas organizamos actividades escolares porque queremos que tantos ni\u00f1@s como sea posible, disfruten del Centro y de la Historia. Para ello creamos el proyecto: \u00a0\u00a0\u00a0 \u00abBringing History To Life: Viaje a Trav\u00e9s Del Tiempo\u00bb Consiste en una actividad de todo el d\u00eda donde, los alumnos de un centro escolar, van recreando diferentes \u00e9pocas &hellip; <\/p>\n<p class=\"link-more\"><a href=\"https:\/\/chlasmajadas.com\/index.php\/actividades-escolares\/\" class=\"more-link\">Continuar leyendo<span class=\"screen-reader-text\"> \u00abActividades Escolares\u00bb<\/span><\/a><\/p>\n","protected":false},"author":1,"featured_media":0,"parent":0,"menu_order":0,"comment_status":"closed","ping_status":"closed","template":"","meta":{"footnotes":""},"_links":{"self":[{"href":"https:\/\/chlasmajadas.com\/index.php\/wp-json\/wp\/v2\/pages\/15568"}],"collection":[{"href":"https:\/\/chlasmajadas.com\/index.php\/wp-json\/wp\/v2\/pages"}],"about":[{"href":"https:\/\/chlasmajadas.com\/index.php\/wp-json\/wp\/v2\/types\/page"}],"author":[{"embeddable":true,"href":"https:\/\/chlasmajadas.com\/index.php\/wp-json\/wp\/v2\/users\/1"}],"replies":[{"embeddable":true,"href":"https:\/\/chlasmajadas.com\/index.php\/wp-json\/wp\/v2\/comments?post=15568"}],"version-history":[{"count":1,"href":"https:\/\/chlasmajadas.com\/index.php\/wp-json\/wp\/v2\/pages\/15568\/revisions"}],"predecessor-version":[{"id":16539,"href":"https:\/\/chlasmajadas.com\/index.php\/wp-json\/wp\/v2\/pages\/15568\/revisions\/16539"}],"wp:attachment":[{"href":"https:\/\/chlasmajadas.com\/index.php\/wp-json\/wp\/v2\/media?parent=15568"}],"curies":[{"name":"wp","href":"https:\/\/api.w.org\/{rel}","templated":true}]}}