{"id":15564,"date":"2018-08-08T19:52:48","date_gmt":"2018-08-08T19:52:48","guid":{"rendered":"http:\/\/chlasmajadas.com\/?page_id=15564"},"modified":"2020-01-21T13:49:13","modified_gmt":"2020-01-21T13:49:13","slug":"instalaciones","status":"publish","type":"page","link":"https:\/\/chlasmajadas.com\/index.php\/instalaciones\/","title":{"rendered":"Instalaciones"},"content":{"rendered":"<p>Las Majadas cuenta con unas instalaciones inmejorables para la pr\u00e1ctica de la equitaci\u00f3n y su ense\u00f1anza a jinetes de todas las edades, todas ellas rodeadas por amplias zonas ajardinadas. Las instalaciones constan de:<\/p>\n<ul>\n<li>40 boxes de 3,5x3m<\/li>\n<li>una pista de concursos de 35x70m con suelo de caucho y arena.<\/li>\n<li>una pista cubierta de 1000m2 con suelo de geotextil<\/li>\n<li>una pista de calentamiento de 1000m2 con suelo de arena<\/li>\n<li>una pista de Pony Club de 300m2<\/li>\n<li>una pista para dar cuerda<\/li>\n<li>instalaciones adaptadas y totalmente accesibles: braille, rampa de monta, aseos<\/li>\n<li>Pony club: pista, aula y amplia zona de juegos<\/li>\n<li>zona social y comedor con vistas a las pistas<\/li>\n<li>albergue<\/li>\n<li>aula pr\u00e1ctica equipada con material did\u00e1ctico<\/li>\n<li>vestuarios con ba\u00f1os y duchas<\/li>\n<li>dos guadarneses<\/li>\n<li>zona con pastor el\u00e9ctrico para soltar caballos<\/li>\n<li>carpa de eventos<\/li>\n<li>zona de materiales con balsa para riego de pistas<\/li>\n<li>almacen de pienso<\/li>\n<li>amplio aparcamiento para autobuses y coches<\/li>\n<\/ul>\n\n\n<figure class=\"wp-block-image size-large\"><img loading=\"lazy\" decoding=\"async\" width=\"579\" height=\"500\" src=\"http:\/\/chlasmajadas.com\/wp-content\/uploads\/2020\/01\/20.jpg\" alt=\"\" class=\"wp-image-16406\" srcset=\"https:\/\/chlasmajadas.com\/wp-content\/uploads\/2020\/01\/20.jpg 579w, https:\/\/chlasmajadas.com\/wp-content\/uploads\/2020\/01\/20-300x259.jpg 300w, https:\/\/chlasmajadas.com\/wp-content\/uploads\/2020\/01\/20-230x199.jpg 230w, https:\/\/chlasmajadas.com\/wp-content\/uploads\/2020\/01\/20-350x302.jpg 350w, https:\/\/chlasmajadas.com\/wp-content\/uploads\/2020\/01\/20-480x415.jpg 480w\" sizes=\"(max-width: 579px) 100vw, 579px\" \/><\/figure>\n","protected":false},"excerpt":{"rendered":"<p>Las Majadas cuenta con unas instalaciones inmejorables para la pr\u00e1ctica de la equitaci\u00f3n y su ense\u00f1anza a jinetes de todas las edades, todas ellas rodeadas por amplias zonas ajardinadas. Las instalaciones constan de: 40 boxes de 3,5x3m una pista de concursos de 35x70m con suelo de caucho y arena. una pista cubierta de 1000m2 con &hellip; <\/p>\n<p class=\"link-more\"><a href=\"https:\/\/chlasmajadas.com\/index.php\/instalaciones\/\" class=\"more-link\">Continuar leyendo<span class=\"screen-reader-text\"> \u00abInstalaciones\u00bb<\/span><\/a><\/p>\n","protected":false},"author":1,"featured_media":0,"parent":0,"menu_order":0,"comment_status":"closed","ping_status":"closed","template":"","meta":{"footnotes":""},"_links":{"self":[{"href":"https:\/\/chlasmajadas.com\/index.php\/wp-json\/wp\/v2\/pages\/15564"}],"collection":[{"href":"https:\/\/chlasmajadas.com\/index.php\/wp-json\/wp\/v2\/pages"}],"about":[{"href":"https:\/\/chlasmajadas.com\/index.php\/wp-json\/wp\/v2\/types\/page"}],"author":[{"embeddable":true,"href":"https:\/\/chlasmajadas.com\/index.php\/wp-json\/wp\/v2\/users\/1"}],"replies":[{"embeddable":true,"href":"https:\/\/chlasmajadas.com\/index.php\/wp-json\/wp\/v2\/comments?post=15564"}],"version-history":[{"count":1,"href":"https:\/\/chlasmajadas.com\/index.php\/wp-json\/wp\/v2\/pages\/15564\/revisions"}],"predecessor-version":[{"id":16500,"href":"https:\/\/chlasmajadas.com\/index.php\/wp-json\/wp\/v2\/pages\/15564\/revisions\/16500"}],"wp:attachment":[{"href":"https:\/\/chlasmajadas.com\/index.php\/wp-json\/wp\/v2\/media?parent=15564"}],"curies":[{"name":"wp","href":"https:\/\/api.w.org\/{rel}","templated":true}]}}