{"id":15562,"date":"2018-08-08T19:47:14","date_gmt":"2018-08-08T19:47:14","guid":{"rendered":"http:\/\/chlasmajadas.com\/?page_id=15562"},"modified":"2021-04-13T07:22:54","modified_gmt":"2021-04-13T07:22:54","slug":"equinoterapia","status":"publish","type":"page","link":"https:\/\/chlasmajadas.com\/index.php\/equinoterapia\/","title":{"rendered":"Equinoterapia"},"content":{"rendered":"<p>La equinoterapia es una terapia complementaria y\/o alternativa a las tradicionales. Presenta a trav\u00e9s del caballo unos beneficios s\u00f3lidos, como son los movimientos tridimensionales del caballo, que influyen sobre el tono muscular, el equilibrio y la coordinaci\u00f3n.<\/p>\n<p>La temperatura corporal del caballo favorece la distensi\u00f3n de los m\u00fasculos y ligamentos.<br>Otras \u00e1reas que se benefician son la psicol\u00f3gica y la emocional, potenciando la autoestima y confianza, as\u00ed como mejora el control de las emociones y disminuye nuestra ansiedad.<\/p>\n<p>Desde hace a\u00f1os trabajamos estrechamente con Centros de Educaci\u00f3n Especial y diferentes Asociaciones, impartiendo clases semanales a sus usuarios, as\u00ed como actividades individualizadas.<\/p>\n<p>No dudes en contactarnos y veremos en que manera podemos colaborar.<\/p>\n\n\n<figure class=\"wp-block-image size-large is-resized\"><img loading=\"lazy\" decoding=\"async\" src=\"http:\/\/chlasmajadas.com\/wp-content\/uploads\/2020\/01\/19.jpg\" alt=\"\" class=\"wp-image-16405\" width=\"574\" height=\"431\" srcset=\"https:\/\/chlasmajadas.com\/wp-content\/uploads\/2020\/01\/19.jpg 666w, https:\/\/chlasmajadas.com\/wp-content\/uploads\/2020\/01\/19-300x225.jpg 300w, https:\/\/chlasmajadas.com\/wp-content\/uploads\/2020\/01\/19-230x173.jpg 230w, https:\/\/chlasmajadas.com\/wp-content\/uploads\/2020\/01\/19-350x263.jpg 350w, https:\/\/chlasmajadas.com\/wp-content\/uploads\/2020\/01\/19-480x360.jpg 480w\" sizes=\"(max-width: 574px) 100vw, 574px\" \/><\/figure>\n","protected":false},"excerpt":{"rendered":"<p>La equinoterapia es una terapia complementaria y\/o alternativa a las tradicionales. Presenta a trav\u00e9s del caballo unos beneficios s\u00f3lidos, como son los movimientos tridimensionales del caballo, que influyen sobre el tono muscular, el equilibrio y la coordinaci\u00f3n. La temperatura corporal del caballo favorece la distensi\u00f3n de los m\u00fasculos y ligamentos.Otras \u00e1reas que se benefician son &hellip; <\/p>\n<p class=\"link-more\"><a href=\"https:\/\/chlasmajadas.com\/index.php\/equinoterapia\/\" class=\"more-link\">Continuar leyendo<span class=\"screen-reader-text\"> \u00abEquinoterapia\u00bb<\/span><\/a><\/p>\n","protected":false},"author":1,"featured_media":0,"parent":0,"menu_order":0,"comment_status":"closed","ping_status":"closed","template":"","meta":{"footnotes":""},"_links":{"self":[{"href":"https:\/\/chlasmajadas.com\/index.php\/wp-json\/wp\/v2\/pages\/15562"}],"collection":[{"href":"https:\/\/chlasmajadas.com\/index.php\/wp-json\/wp\/v2\/pages"}],"about":[{"href":"https:\/\/chlasmajadas.com\/index.php\/wp-json\/wp\/v2\/types\/page"}],"author":[{"embeddable":true,"href":"https:\/\/chlasmajadas.com\/index.php\/wp-json\/wp\/v2\/users\/1"}],"replies":[{"embeddable":true,"href":"https:\/\/chlasmajadas.com\/index.php\/wp-json\/wp\/v2\/comments?post=15562"}],"version-history":[{"count":3,"href":"https:\/\/chlasmajadas.com\/index.php\/wp-json\/wp\/v2\/pages\/15562\/revisions"}],"predecessor-version":[{"id":16748,"href":"https:\/\/chlasmajadas.com\/index.php\/wp-json\/wp\/v2\/pages\/15562\/revisions\/16748"}],"wp:attachment":[{"href":"https:\/\/chlasmajadas.com\/index.php\/wp-json\/wp\/v2\/media?parent=15562"}],"curies":[{"name":"wp","href":"https:\/\/api.w.org\/{rel}","templated":true}]}}